{"id":73,"date":"2024-02-01T10:41:01","date_gmt":"2024-02-01T10:41:01","guid":{"rendered":"https:\/\/demo.divi-pixel.com\/insurance\/?page_id=73"},"modified":"2025-05-16T19:30:52","modified_gmt":"2025-05-16T19:30:52","slug":"comites-de-servicios","status":"publish","type":"page","link":"https:\/\/aanuevoleon.org\/index.php\/comites-de-servicios\/","title":{"rendered":"Comit\u00e9s de Servicios"},"content":{"rendered":"<p>[et_pb_section fb_built=&#8221;1&#8243; _builder_version=&#8221;4.20.2&#8243; _module_preset=&#8221;default&#8221; custom_margin=&#8221;||||false|false&#8221; custom_padding=&#8221;0px|20px||20px|false|true&#8221; locked=&#8221;off&#8221; global_colors_info=&#8221;{}&#8221;][et_pb_row column_structure=&#8221;1_2,1_2&#8243; use_custom_gutter=&#8221;on&#8221; gutter_width=&#8221;1&#8243; make_equal=&#8221;on&#8221; custom_padding_last_edited=&#8221;on|tablet&#8221; module_class=&#8221;hero-custom-row&#8221; _builder_version=&#8221;4.27.4&#8243; _module_preset=&#8221;default&#8221; background_image=&#8221;https:\/\/aanuevoleon.org\/wp-content\/uploads\/2024\/03\/comite.png&#8221; background_position=&#8221;top_center&#8221; width=&#8221;100%&#8221; max_width=&#8221;100%&#8221; custom_margin=&#8221;||||false|false&#8221; custom_padding=&#8221;400px|0px|50px|50px|false|false&#8221; custom_padding_tablet=&#8221;400px|40px|40px|40px|false|true&#8221; custom_padding_phone=&#8221;350px|20px|20px|20px|false|true&#8221; hover_enabled=&#8221;0&#8243; custom_css_main_element=&#8221;align-items:center;||&#8221; border_radii=&#8221;off|||30px|30px&#8221; global_colors_info=&#8221;{}&#8221; title_text=&#8221;comite&#8221; sticky_enabled=&#8221;0&#8243;][et_pb_column type=&#8221;1_2&#8243; _builder_version=&#8221;4.20.2&#8243; _module_preset=&#8221;default&#8221; global_colors_info=&#8221;{}&#8221;][et_pb_text _builder_version=&#8221;4.27.4&#8243; _module_preset=&#8221;default&#8221; header_font=&#8221;Plus Jakarta Sans||||||||&#8221; header_text_color=&#8221;#FFFFFF&#8221; header_font_size=&#8221;100px&#8221; header_letter_spacing=&#8221;-5px&#8221; header_line_height=&#8221;1.1em&#8221; custom_margin=&#8221;||18px||false|false&#8221; hover_enabled=&#8221;0&#8243; header_font_size_tablet=&#8221;80px&#8221; header_font_size_phone=&#8221;42px&#8221; header_font_size_last_edited=&#8221;on|tablet&#8221; header_letter_spacing_tablet=&#8221;-4px&#8221; header_letter_spacing_phone=&#8221;-2px&#8221; header_letter_spacing_last_edited=&#8221;on|tablet&#8221; locked=&#8221;off&#8221; global_colors_info=&#8221;{}&#8221; header_text_shadow_style=&#8221;preset3&#8243; sticky_enabled=&#8221;0&#8243;]<\/p>\n<h1>COMIT\u00c9S DE SERVICIOS<\/h1>\n<p>[\/et_pb_text][\/et_pb_column][et_pb_column type=&#8221;1_2&#8243; _builder_version=&#8221;4.20.2&#8243; _module_preset=&#8221;default&#8221; global_colors_info=&#8221;{}&#8221;][dipi_breadcrumbs bc_separator_icon=&#8221;&#x35;||divi||400&#8243; bc_items_alignment=&#8221;dipi-bc-center&#8221; bc_separator_color=&#8221;#000000&#8243; _builder_version=&#8221;4.20.2&#8243; _module_preset=&#8221;default&#8221; items_font=&#8221;Plus Jakarta Sans||||||||&#8221; items_text_color=&#8221;#000000&#8243; background_color=&#8221;#FFFFFF&#8221; transform_scale_tablet=&#8221;&#8221; transform_scale_phone=&#8221;&#8221; transform_scale_last_edited=&#8221;on|desktop&#8221; transform_translate_tablet=&#8221;&#8221; transform_translate_phone=&#8221;&#8221; transform_translate_last_edited=&#8221;on|desktop&#8221; transform_rotate=&#8221;0deg|0deg|90deg&#8221; transform_rotate_tablet=&#8221;0deg|0deg|0deg&#8221; transform_rotate_phone=&#8221;0deg|0deg|0deg&#8221; transform_rotate_last_edited=&#8221;on|tablet&#8221; transform_skew_tablet=&#8221;&#8221; transform_skew_phone=&#8221;&#8221; transform_skew_last_edited=&#8221;on|desktop&#8221; transform_origin_tablet=&#8221;&#8221; transform_origin_phone=&#8221;&#8221; transform_origin_last_edited=&#8221;on|desktop&#8221; position_origin_a=&#8221;top_right&#8221; vertical_offset=&#8221;-40px&#8221; vertical_offset_tablet=&#8221;-40px&#8221; vertical_offset_phone=&#8221;-40px&#8221; vertical_offset_last_edited=&#8221;on|desktop&#8221; horizontal_offset_tablet=&#8221;&#8221; horizontal_offset_phone=&#8221;&#8221; horizontal_offset_last_edited=&#8221;on|desktop&#8221; position_origin_a_last_edited=&#8221;off|desktop&#8221; position_origin_f_last_edited=&#8221;off|desktop&#8221; position_origin_r_last_edited=&#8221;off|desktop&#8221; max_width_tablet=&#8221;&#8221; max_width_phone=&#8221;225px&#8221; max_width_last_edited=&#8221;on|tablet&#8221; module_alignment=&#8221;right&#8221; custom_padding=&#8221;5px|20px|5px|20px|true|true&#8221; items_font_size_tablet=&#8221;&#8221; items_font_size_phone=&#8221;12px&#8221; items_font_size_last_edited=&#8221;on|phone&#8221; positioning_last_edited=&#8221;off|desktop&#8221; module_alignment_tablet=&#8221;left&#8221; module_alignment_phone=&#8221;left&#8221; module_alignment_last_edited=&#8221;on|tablet&#8221; custom_css_main_element=&#8221;border-radius:100px;||max-width: fit-content;||margin-left: auto;&#8221; global_colors_info=&#8221;{}&#8221; custom_css_main_element_tablet=&#8221;border-radius:100px;||max-width: fit-content;||margin-right: auto;&#8221; custom_css_main_element_phone=&#8221;border-radius:100px;||max-width: fit-content;||margin-right: auto;&#8221; custom_css_main_element_last_edited=&#8221;on|desktop&#8221;][\/dipi_breadcrumbs][et_pb_icon font_icon=&#8221;&#x33;||divi||400&#8243; icon_color=&#8221;#000000&#8243; icon_width=&#8221;32px&#8221; url=&#8221;#scroll-page&#8221; align=&#8221;right&#8221; icon_width_tablet=&#8221;30px&#8221; icon_width_phone=&#8221;25px&#8221; icon_width_last_edited=&#8221;on|phone&#8221; _builder_version=&#8221;4.20.2&#8243; _module_preset=&#8221;default&#8221; background_color=&#8221;#FFFFFF&#8221; custom_margin=&#8221;100px|67px|||false|false&#8221; custom_margin_tablet=&#8221;-40px|0px|||false|false&#8221; custom_margin_phone=&#8221;-40px|0px|||false|false&#8221; custom_margin_last_edited=&#8221;on|tablet&#8221; custom_padding=&#8221;5px|5px|5px|5px|true|true&#8221; border_radii=&#8221;on|100px|100px|100px|100px&#8221; global_colors_info=&#8221;{}&#8221;][\/et_pb_icon][\/et_pb_column][\/et_pb_row][\/et_pb_section][et_pb_section fb_built=&#8221;1&#8243; _builder_version=&#8221;4.27.4&#8243; _module_preset=&#8221;default&#8221; global_colors_info=&#8221;{}&#8221;][et_pb_row column_structure=&#8221;1_2,1_2&#8243; _builder_version=&#8221;4.27.4&#8243; _module_preset=&#8221;default&#8221; global_colors_info=&#8221;{}&#8221;][et_pb_column type=&#8221;1_2&#8243; _builder_version=&#8221;4.27.4&#8243; _module_preset=&#8221;default&#8221; global_colors_info=&#8221;{}&#8221;][et_pb_toggle title=&#8221;COMIT\u00c9 DE INFORMACI\u00d3N P\u00daBLICA&#8221; toggle_icon=&#8221;&#x3f;||divi||400&#8243; open_icon_color=&#8221;#000000&#8243; open_toggle_icon=&#8221;&#x3e;||divi||400&#8243; _builder_version=&#8221;4.27.4&#8243; _module_preset=&#8221;default&#8221; title_font=&#8221;Poppins|600|||||||&#8221; title_font_size=&#8221;20px&#8221; body_font=&#8221;Poppins|600|||||||&#8221; title_font_size_tablet=&#8221;20px&#8221; title_font_size_phone=&#8221;20px&#8221; title_font_size_last_edited=&#8221;on|desktop&#8221; border_radii=&#8221;on|35px|35px|35px|35px&#8221; border_width_all=&#8221;5px&#8221; box_shadow_style=&#8221;preset1&#8243; global_colors_info=&#8221;{}&#8221;]<\/p>\n<p><strong>El objetivo principal del Comit\u00e9 de Informaci\u00f3n P\u00fablica<\/strong><span>\u00a0<\/span>es Llevar el Mensaje de A. A. a todo alcoh\u00f3lico y alcoh\u00f3lica que esta sufriendo, y padeciendo su enfermedad.<\/p>\n<p><strong>PROP\u00d3SITO DEL PLAN ESTRAT\u00c9GICO:<\/strong><\/p>\n<ul>\n<li>Tener un Plan permanente de transmisi\u00f3n del mensaje.<\/li>\n<li>Llegar a cada rinc\u00f3n del pa\u00eds donde se encuentre un alcoh\u00f3lico que a\u00fan sufre.<\/li>\n<li>Informar correctamente a la poblaci\u00f3n mexicana sobre el programa de Alcoh\u00f3licos An\u00f3nimos, para evitar ser confundidos con otros esfuerzos y\/\u00f3 Instituciones.<\/li>\n<li>Contamos con miembros de A. A. Capacitados para dar informaci\u00f3n acerca del alcoholismo como enfermedad, del programa de recuperaci\u00f3n de Alcoh\u00f3licos An\u00f3nimos, de que es Alcoh\u00f3licos An\u00f3nimos.<\/li>\n<li>Contamos adem\u00e1s con folletos, libros, cassettes, videos, spots audio, carteles, y triptico autodiagn\u00f3stico.<\/li>\n<li>Puede Ud(Uds), solicitar una junta de informaci\u00f3n en forma individual, para su empresa \u00f3 comercio, instituci\u00f3n P\u00fablica \u00f3 Privada.<\/li>\n<\/ul>\n<p><strong>Alcoh\u00f3licos An\u00f3nimos<\/strong><span>\u00a0<\/span>no respalda ni se opone a ninguna causa, no nos interesa meternos en controversias que no sea \u00fanica y exclusivamente que corresponda a la<span>\u00a0<\/span><strong>Informaci\u00f3n P\u00fablica<\/strong><span>\u00a0<\/span>que como agrupaci\u00f3n damos este mensaje de Recuperaci\u00f3n del alcoholismo, un mensaje de vida, una esperanza para aquel alcoh\u00f3lico y alcoh\u00f3lica que esta sufriendo por su enfermedad.<\/p>\n<p>[\/et_pb_toggle][et_pb_toggle title=&#8221;COMIT\u00c9 DE CENTROS DE TRATAMIENTO&#8221; toggle_icon=&#8221;&#x3f;||divi||400&#8243; open_icon_color=&#8221;#000000&#8243; open_toggle_icon=&#8221;&#x3e;||divi||400&#8243; _builder_version=&#8221;4.27.4&#8243; _module_preset=&#8221;default&#8221; title_font=&#8221;Poppins|600|||||||&#8221; title_font_size=&#8221;20px&#8221; body_font=&#8221;Poppins|600|||||||&#8221; title_font_size_tablet=&#8221;20px&#8221; title_font_size_phone=&#8221;20px&#8221; title_font_size_last_edited=&#8221;on|desktop&#8221; border_radii=&#8221;on|35px|35px|35px|35px&#8221; border_width_all=&#8221;5px&#8221; box_shadow_style=&#8221;preset1&#8243; global_colors_info=&#8221;{}&#8221;]<\/p>\n<p>En su intento de ayudar al alcoh\u00f3lico que se encuentra encamado en un centro de tratamiento, los AA\u2019 s trabajan juntos, en la medida de lo posible, utilizando las sugerencias de aquellos que ya han pasado por la experiencia de llevar el mensaje en los centros de tratamiento.<\/p>\n<p><strong>Los Comit\u00e9s en Centros de Tratamiento<\/strong><span>\u00a0<\/span>se forman para coordinar el trabajo de los Grupos y compa\u00f1eros que se interesan en llevar nuestro mensaje de recuperaci\u00f3n a los alcoh\u00f3licos encamados o internos que est\u00e1n en centros de tratamiento y establecer los medios para \u201cunir las orillas\u201d entre la instituci\u00f3n y un grupo de A. A. De la localidad del prospecto.<\/p>\n<p><strong>El Comit\u00e9 de Centros de Tratamiento<\/strong><span>\u00a0<\/span>funciona dentro de la Estructura del Comit\u00e9 de Servicios Generales de \u00c1rea Nuevo Le\u00f3n de Alcoh\u00f3licos An\u00f3nimos A. C.<\/p>\n<p>El folleto \u201cA.A. En Centros de Tratamiento\u201d describe diferentes tipos de reuniones en estos centros. En algunas ocasiones, los Grupos regulares de A. A. Solicitan un local en una instituci\u00f3n para efectuar sus reuniones.<\/p>\n<p>Los pacientes son bienvenidos a asistir a las reuniones; \u00e9sta es una manera pr\u00e1ctica y sencilla de introducir a los pacientes a A.A. Mientras a\u00fan se encuentran bajo tratamiento.<\/p>\n<p><strong>FUNCIONES B\u00c1SICAS DEL COMIT\u00c9 DE CENTROS DE TRATAMIENTO.<\/strong><br \/>Llevar las reuniones de A.A. A los centros de tratamiento dentro del \u00e1rea, previa autorizaci\u00f3n de la administraci\u00f3n del centro de tratamiento.<br \/>Estimular la participaci\u00f3n de los Grupos. En algunas \u00c1reas cada Grupo tiene un Representante del Comit\u00e9 en Centros de Tratamiento.<br \/>Coordinar las actividades de contactos temporales.<br \/>Hacer arreglos para adquirir Literatura y distribuirla a estos Grupos y reuniones.<\/p>\n<p><strong>RELACI\u00d3N CON EL TRATAMIENTO<\/strong><br \/>Esforzarse por comprender, respetar y obedecer todos los reglamentos del centro de tratamiento.<br \/>Facilitar informaci\u00f3n sobre la funci\u00f3n y el objetivo de A. A.<br \/>Cooperar en la programaci\u00f3n de nuevas reuniones en los centros de tratamiento.<\/p>\n<p>Una buena dotaci\u00f3n adecuada de Literatura y materiales audiovisuales es esencial para una reuni\u00f3n en un centro de tratamiento. Es muy importante procurar que cada paciente reciba una lista de las reuniones de A. A. Locales.<\/p>\n<p><em>*Texto del folleto Manual de Comit\u00e9s en Centros de Tratamiento, con autorizaci\u00f3n de usos legales de propiedades de derechos de autos de Oficina de Servicios Generales de Alcoh\u00f3licos An\u00f3nimos<\/em><span>\u00a0<\/span>(OSG), Central Mexicana.*<\/p>\n<p>[\/et_pb_toggle][\/et_pb_column][et_pb_column type=&#8221;1_2&#8243; _builder_version=&#8221;4.27.4&#8243; _module_preset=&#8221;default&#8221; global_colors_info=&#8221;{}&#8221;][et_pb_toggle title=&#8221;COMIT\u00c9 DE INSTITUCIONES CORRECCIONALES&#8221; toggle_icon=&#8221;&#x3f;||divi||400&#8243; open_icon_color=&#8221;#000000&#8243; open_toggle_icon=&#8221;&#x3e;||divi||400&#8243; _builder_version=&#8221;4.27.4&#8243; _module_preset=&#8221;default&#8221; title_font=&#8221;Poppins|600|||||||&#8221; title_font_size=&#8221;20px&#8221; body_font=&#8221;Poppins|600|||||||&#8221; title_font_size_tablet=&#8221;20px&#8221; title_font_size_phone=&#8221;20px&#8221; title_font_size_last_edited=&#8221;on|desktop&#8221; border_radii=&#8221;on|35px|35px|35px|35px&#8221; border_width_all=&#8221;5px&#8221; box_shadow_style=&#8221;preset1&#8243; global_colors_info=&#8221;{}&#8221;]<\/p>\n<p><strong>PROP\u00d3SITO:<\/strong><br \/>\u201c<strong>Llevar el Mensaje de Alcoh\u00f3licos An\u00f3nimos<\/strong><span>\u00a0<\/span>a los que , en uso de su libre voluntad, no pueden salir por estar recluidos en una prisi\u00f3n y hasta ellos tendr\u00e1 que llegar<span>\u00a0<\/span><strong>el Comit\u00e9 de Instituciones Correccionales<\/strong><span>\u00a0<\/span>de un grupo, de una Oficina Intergrupal, de un Distrito o de un \u00c1rea\u201d, y de esto todos somos responsables!<\/p>\n<p><strong>OBJETIVO:<\/strong><\/p>\n<p>Llevar el mensaje a los alcoh\u00f3licos confinados en las prisiones:<\/p>\n<ol>\n<li>Llevando las reuniones de Alcoh\u00f3licos An\u00f3nimos dentro de las Instituciones correccionales.<\/li>\n<li>Proporcionando a los internos literatura de<span>\u00a0<\/span><strong>Alcoh\u00f3licos An\u00f3nimos<\/strong><span>\u00a0<\/span>aprobada por la Conferencia, adquirida con el dinero recaudado por miembros y grupos.<\/li>\n<\/ol>\n<p><strong>\u00bfPORQU\u00c9 LLEVAR EL MENSAJE DE A.A. A LA PRISI\u00d3N?<\/strong><br \/>Las personas que est\u00e1n reclu\u00eddas y sufren de alcoholismo, necesitan de la mano de<span>\u00a0<\/span><strong>Alcoh\u00f3licos An\u00f3nimos,<\/strong><span>\u00a0<\/span>no nos importan sus delitos ni que tan bajo hayan ca\u00eddo, lo \u00fanico que nos importa es que tengan la misma oportunidad que tuvimos nosotros de conocer este programa de recuperaci\u00f3n.<\/p>\n<p><strong>ANTECEDENTES: EL TRABAJO EN INSTITUCIONES CORRECCIONALES.<\/strong><br \/>El trabajo de<span>\u00a0<\/span><strong>Alcoh\u00f3licos An\u00f3nimos<\/strong><span>\u00a0<\/span>dentro de las instituciones correccionales aparece en 1942, cuando el alcalde Clinton Duffy, de la prisi\u00f3n de San Quint\u00edn, pidi\u00f3 a los miembros locales de nuestra Comunidad que llevaran el mensaje a los alcoh\u00f3licos de esa prisi\u00f3n.<\/p>\n<p>En nuestro pa\u00eds se tiene el registro de que<span>\u00a0<\/span><strong>el primer grupo en una instituci\u00f3n correccional inici\u00f3 trabajos el 12 de abril de 1969,<\/strong><span>\u00a0<\/span>en el CERESO # 1 del Estado de Chiapas, y se llam\u00f3 \u201cPrimero Dios\u201d<\/p>\n<p>Antes de 1997, el comit\u00e9 de instituciones se encargaba de prestar servicios a hospitales y prisiones. Debido al r\u00e1pido crecimiento de la Comunidad, la XXX Conferencia Mexicana de Servicios Generales de 1996 vot\u00f3 por disolver su Comit\u00e9 de Instituciones Correccionales y otro para los Centros de Tratamiento. Se cre\u00f3 esta separaci\u00f3n para suministrar mejores servicios a los Grupos y reuniones en ambos tipos de instituciones.<\/p>\n<p>[\/et_pb_toggle][et_pb_toggle title=&#8221;COMIT\u00c9 DE COOPERACI\u00d3N CON LOS PROFESIONALES&#8221; toggle_icon=&#8221;&#x3f;||divi||400&#8243; open_icon_color=&#8221;#000000&#8243; open_toggle_icon=&#8221;&#x3e;||divi||400&#8243; _builder_version=&#8221;4.27.4&#8243; _module_preset=&#8221;default&#8221; title_font=&#8221;Poppins|600|||||||&#8221; title_font_size=&#8221;20px&#8221; body_font=&#8221;Poppins|600|||||||&#8221; title_font_size_tablet=&#8221;20px&#8221; title_font_size_phone=&#8221;20px&#8221; title_font_size_last_edited=&#8221;on|desktop&#8221; border_radii=&#8221;on|35px|35px|35px|35px&#8221; border_width_all=&#8221;5px&#8221; box_shadow_style=&#8221;preset1&#8243; global_colors_info=&#8221;{}&#8221;]<\/p>\n<p><span>Cooperaci\u00f3n con los Profesionales significa informarles acerca de Alcoh\u00f3licos an\u00f3nimos:\u00a0<\/span><strong>qui\u00e9nes somos, qu\u00e9 podemos hacer y qu\u00e9 no podemos hacer.<\/strong><span>\u00a0Un Profesional puede ser un m\u00e9dico familiar, un sacerdote, un agente de la polic\u00eda \u00f3 del ministerio p\u00fablico, un empresario, una trabajadora social, un asesor en alcoholismo, un maestro alba\u00f1il, etc..En resumen, cualquiera que tenga que ver con alcoh\u00f3licos en el curso de su trabajo. Muchas de estas personas encuentran diariamente al alcoh\u00f3lico que sufre y, a pesar de la informaci\u00f3n p\u00fablica, algunos de ellos simplemente no saben qu\u00e9 hacer con un enfermo alcoh\u00f3lico.<\/span><\/p>\n<p><span>Ah\u00ed es donde un Comit\u00e9 activo de CCP. Puede contribuir,\u00a0<\/span><strong>proporcionando informaci\u00f3n a los profesionales sobre Alcoh\u00f3licos An\u00f3nimos<\/strong><span>\u00a0y estando en la disposici\u00f3n de cooperar de cualquier manera, al ser llamados.<\/span><\/p>\n<p>[\/et_pb_toggle][\/et_pb_column][\/et_pb_row][\/et_pb_section]<\/p>\n","protected":false},"excerpt":{"rendered":"<p>COMIT\u00c9S DE SERVICIOS<div class=\"et_pb_module dipi_breadcrumbs dipi_breadcrumbs_0\">\n\t\t\t\t\n\t\t\t\t\n\t\t\t\t\n\t\t\t\t\n\t\t\t\t\n\t\t\t\t\n\t\t\t\t<div class=\"et_pb_module_inner\">\n\t\t\t\t\t<div class=\"dipi-breadcrumbs &#8221;dipi-bc-center&#8221;\">\n                <ul >\n                    \n                                                        <li  class=\"dipi-breadcrumb-item dipi-breadcrumb-home\">\n\n                                                    <a  href=\"https:\/\/aanuevoleon.org\">\n                                <span  content=\"Home\">\n                                                                        Alcoh\u00f3licos An\u00f3nimos Nuevo Le\u00f3n                                <\/span>\n                            <\/a>\n\n                                                <meta itemprop=\"position\" content=\"1\"\/>                    <\/li>\n\n                    <li class=\"dipi-breadcrumb-separator\">\n                    <span class=\"et-pb-icon dipi-separator-icon\"><\/span>\n                <\/li>                            \n                <\/ul>\n            <\/div>\n\t\t\t\t<\/div>\n\t\t\t<\/div><\/p>\n","protected":false},"author":1,"featured_media":0,"parent":0,"menu_order":0,"comment_status":"closed","ping_status":"closed","template":"","meta":{"_et_pb_use_builder":"on","_et_pb_old_content":"","_et_gb_content_width":"","footnotes":""},"dipi_cpt_category":[],"class_list":["post-73","page","type-page","status-publish","hentry"],"_links":{"self":[{"href":"https:\/\/aanuevoleon.org\/index.php\/wp-json\/wp\/v2\/pages\/73","targetHints":{"allow":["GET"]}}],"collection":[{"href":"https:\/\/aanuevoleon.org\/index.php\/wp-json\/wp\/v2\/pages"}],"about":[{"href":"https:\/\/aanuevoleon.org\/index.php\/wp-json\/wp\/v2\/types\/page"}],"author":[{"embeddable":true,"href":"https:\/\/aanuevoleon.org\/index.php\/wp-json\/wp\/v2\/users\/1"}],"replies":[{"embeddable":true,"href":"https:\/\/aanuevoleon.org\/index.php\/wp-json\/wp\/v2\/comments?post=73"}],"version-history":[{"count":3,"href":"https:\/\/aanuevoleon.org\/index.php\/wp-json\/wp\/v2\/pages\/73\/revisions"}],"predecessor-version":[{"id":4448,"href":"https:\/\/aanuevoleon.org\/index.php\/wp-json\/wp\/v2\/pages\/73\/revisions\/4448"}],"wp:attachment":[{"href":"https:\/\/aanuevoleon.org\/index.php\/wp-json\/wp\/v2\/media?parent=73"}],"wp:term":[{"taxonomy":"dipi_cpt_category","embeddable":true,"href":"https:\/\/aanuevoleon.org\/index.php\/wp-json\/wp\/v2\/dipi_cpt_category?post=73"}],"curies":[{"name":"wp","href":"https:\/\/api.w.org\/{rel}","templated":true}]}}